{"id":7,"date":"2022-01-26T09:46:43","date_gmt":"2022-01-26T09:46:43","guid":{"rendered":"http:\/\/www.onlineaardappel.nl\/?page_id=7"},"modified":"2025-06-04T09:20:13","modified_gmt":"2025-06-04T09:20:13","slug":"finca-fabulosa","status":"publish","type":"page","link":"https:\/\/fincafabulosa.com\/de\/","title":{"rendered":"Finca Fabulosa"},"content":{"rendered":"<section id=\"section-1-7\" class=\"oxy-video-background ct-section\" ><div class='oxy-video-container'><video autoplay loop playsinline muted><source src='https:\/\/fincafabulosa.com\/wp-content\/uploads\/2022\/06\/finca_fabulosa_en_omgeving-1080p.mp4'><\/video><div class='oxy-video-overlay'><\/div><\/div><div class=\"ct-section-inner-wrap\"><h1 id=\"headline-4-7\" class=\"ct-headline hero\">Naturisten Paradies<\/h1><a id=\"link-115-7\" class=\"ct-link\" href=\"#over-finca-fabulosa\" target=\"_self\"  ><div id=\"fancy_icon-37-7\" class=\"ct-fancy-icon pijl\" ><svg id=\"svg-fancy_icon-37-7\"><use xlink:href=\"#FontAwesomeicon-long-arrow-down\"><\/use><\/svg><\/div><\/a><div id=\"div_block-188-7\" class=\"ct-div-block\" ><a id=\"link-186-7\" class=\"ct-link\" href=\"https:\/\/fincafabulosa.com\/de\/appartementen\/\"   ><h2 id=\"headline-187-7\" class=\"ct-headline hero\">Buchen !<\/h2><\/a><\/div><div id=\"div_block-202-7\" class=\"ct-div-block\" ><a id=\"link-199-7\" class=\"ct-link\" href=\"https:\/\/fincafabulosa.com\/en\/nieuws\/wij-zijn-een-prettig-bloot-locatie-2026\/\"   ><img decoding=\"async\"  id=\"image-201-7\" alt=\"\" src=\"https:\/\/fincafabulosa.com\/wp-content\/uploads\/2026\/03\/PB-label-2026.webp\" class=\"ct-image\" srcset-disabled=\"https:\/\/fincafabulosa.com\/wp-content\/uploads\/2026\/03\/PB-label-2026.webp 850w, https:\/\/fincafabulosa.com\/wp-content\/uploads\/2026\/03\/PB-label-2026-300x300.webp 300w, https:\/\/fincafabulosa.com\/wp-content\/uploads\/2026\/03\/PB-label-2026-150x150.webp 150w, https:\/\/fincafabulosa.com\/wp-content\/uploads\/2026\/03\/PB-label-2026-768x768.webp 768w, https:\/\/fincafabulosa.com\/wp-content\/uploads\/2026\/03\/PB-label-2026-12x12.webp 12w\" sizes=\"(max-width: 850px) 100vw, 850px\" \/><\/a><a id=\"div_block-189-7\" class=\"ct-link\" href=\"https:\/\/www.isearchrealestate.com\/\" target=\"_blank\"  ><div id=\"text_block-191-7\" class=\"ct-text-block\" >Suchen Sie Ihr Traumhaus in Andalucia?<\/div><img decoding=\"async\"  id=\"image-190-7\" alt=\"\" src=\"https:\/\/fincafabulosa.com\/wp-content\/uploads\/2022\/11\/logo-iSearch.png\" class=\"ct-image\" srcset-disabled=\"https:\/\/fincafabulosa.com\/wp-content\/uploads\/2022\/11\/logo-iSearch.png 276w, https:\/\/fincafabulosa.com\/wp-content\/uploads\/2022\/11\/logo-iSearch-18x7.png 18w\" sizes=\"(max-width: 276px) 100vw, 276px\" \/><\/a><\/div><\/div><\/section><section id=\"over-finca-fabulosa\" class=\"ct-section\" ><div class=\"ct-section-inner-wrap\"><a id=\"link-196-7\" class=\"ct-link\" href=\"https:\/\/www.isearchrealestate.com\/\" target=\"_blank\"  ><div id=\"text_block-197-7\" class=\"ct-text-block\" >Suchen Sie Ihr Traumhaus in Andaluc\u00eda?<\/div><img decoding=\"async\"  id=\"image-198-7\" alt=\"\" src=\"https:\/\/fincafabulosa.com\/wp-content\/uploads\/2022\/11\/logo-iSearch.png\" class=\"ct-image\" srcset-disabled=\"https:\/\/fincafabulosa.com\/wp-content\/uploads\/2022\/11\/logo-iSearch.png 276w, https:\/\/fincafabulosa.com\/wp-content\/uploads\/2022\/11\/logo-iSearch-18x7.png 18w\" sizes=\"(max-width: 276px) 100vw, 276px\" \/><\/a><a id=\"div_block-179-7\" class=\"ct-link\" href=\"https:\/\/fincafabulosa.com\/de\/appartementen\/\"   ><div id=\"text_block-180-7\" class=\"ct-text-block\" >BUCHEN<\/div><\/a><h4 id=\"headline-41-7\" class=\"ct-headline\">Im Guadalhorce-Tal, in der N\u00e4he des wei\u00dfen Dorfes \u00c1lora liegt Finca Fabulosa versteckt in der wundersch\u00f6nen Berglandschaft. Ein Ort zum entspannen, Andalusien entdecken oder einfach mal nichts tun. Finca Fabulosa ist ein Adults-Only Well Being Resort f\u00fcr FKK- Anh\u00e4nger in einer sicheren Atmosph\u00e4re, in der sich alle Lebzeiten von 18 bis 110 Jahren geborgen und vor allem entspannt f\u00fchlen k\u00f6nnen: Naturisten-Paradies.<\/h4><\/div><\/section><section id=\"section-42-7\" class=\"ct-section\" ><div class=\"ct-section-inner-wrap\"><link rel='stylesheet' id='oxygen-unslider-css'  href='https:\/\/fincafabulosa.com\/wp-content\/plugins\/oxygen\/component-framework\/vendor\/unslider\/unslider.css' type='text\/css' media='all'\/><div id=\"slider-116-7\" class=\"ct-slider ct_unique_slider_4324\" ><div class=\"oxygen-unslider-container\"><ul><li><div id=\"slide-117-7\" class=\"ct-slide\" ><\/div><\/li><li><div id=\"slide-118-7\" class=\"ct-slide\" ><\/div><\/li><li><div id=\"slide-119-7\" class=\"ct-slide\" ><\/div><\/li><\/ul><\/div><\/div><script class=\"ct-slider-script\">jQuery(document).ready(function($){$('#slider-116-7.ct_unique_slider_4324 .oxygen-unslider-container:not(.unslider-horizontal,.unslider-fade)').unslider({autoplay: true, delay: 3000, animation: 'fade', speed : 750, arrows: false, nav: true, infinite: false})});<\/script><img decoding=\"async\"  id=\"image-43-7\" alt=\"terras bij Deluxe Room\" src=\"https:\/\/fincafabulosa.com\/wp-content\/uploads\/2022\/06\/home-slider1-scaled.jpg\" class=\"ct-image\" srcset-disabled=\"https:\/\/fincafabulosa.com\/wp-content\/uploads\/2022\/06\/home-slider1-scaled.jpg 2560w, https:\/\/fincafabulosa.com\/wp-content\/uploads\/2022\/06\/home-slider1-300x200.jpg 300w, https:\/\/fincafabulosa.com\/wp-content\/uploads\/2022\/06\/home-slider1-1024x683.jpg 1024w, https:\/\/fincafabulosa.com\/wp-content\/uploads\/2022\/06\/home-slider1-768x512.jpg 768w, https:\/\/fincafabulosa.com\/wp-content\/uploads\/2022\/06\/home-slider1-1536x1024.jpg 1536w, https:\/\/fincafabulosa.com\/wp-content\/uploads\/2022\/06\/home-slider1-2048x1365.jpg 2048w\" sizes=\"(max-width: 2560px) 100vw, 2560px\" \/><div id=\"div_block-45-7\" class=\"ct-div-block\" ><div id=\"text_block-44-7\" class=\"ct-text-block\" >Nudist Resort<\/div><h2 id=\"headline-48-7\" class=\"ct-headline hero\">Finca Fabulosa<\/h2><\/div><\/div><\/section><section id=\"section-52-7\" class=\"ct-section\" ><div class=\"ct-section-inner-wrap\"><div id=\"div_block-171-7\" class=\"ct-div-block\" ><h2 id=\"headline-176-7\" class=\"ct-headline hero\">Die Zimmer<\/h2><div id=\"text_block-172-7\" class=\"ct-text-block\" >Die Unterk\u00fcnfte. Unsere 3 einzigartigen Studios haben alle eine private Terrasse mit eigenem Charakter. Von ihrem Studio aus haben Sie einen Panoramaausblick auf die unber\u00fchrte Natur. Die Studios sind mit einem modernen Badezimmer, K\u00fcche ausgestattet und sind geschmackvoll eingerichtet, ganz im Fabulosa-Stil.<br><\/div><\/div><div id=\"div_block-55-7\" class=\"ct-div-block image-div\" ><div id=\"div_block-77-7\" class=\"ct-div-block overlay\" ><div id=\"text_block-57-7\" class=\"ct-text-block text-overlay\" >Studio Uno<\/div><div id=\"text_block-59-7\" class=\"ct-text-block text-block-overlay\" >Unser gem\u00fctliches Studio im ersten Stock mit freien Blick auf die Berge.<\/div><div id=\"div_block-141-7\" class=\"ct-div-block\" ><a id=\"link_button-134-7\" class=\"ct-link-button\" href=\"https:\/\/fincafabulosa.com\/de\/appartementen\/studio-1\/\"   >Buchen<\/a><\/div><\/div><\/div><div id=\"div_block-56-7\" class=\"ct-div-block image-div\" ><div id=\"div_block-79-7\" class=\"ct-div-block overlay\" ><div id=\"text_block-58-7\" class=\"ct-text-block text-overlay\" >Studio Dos<\/div><div id=\"text_block-60-7\" class=\"ct-text-block text-block-overlay\" >Unser ger\u00e4umiges Studio mit doppel T\u00fcren zu einer sch\u00f6nen privaten Terrasse.<\/div><div id=\"div_block-142-7\" class=\"ct-div-block\" ><a id=\"link_button-135-7\" class=\"ct-link-button\" href=\"https:\/\/fincafabulosa.com\/de\/appartementen\/studio-2\/\"   >Buchen<\/a><\/div><\/div><\/div><div id=\"div_block-62-7\" class=\"ct-div-block image-div\" ><div id=\"div_block-81-7\" class=\"ct-div-block overlay\" ><div id=\"text_block-64-7\" class=\"ct-text-block text-overlay\" >Delux-Zimmer<\/div><div id=\"text_block-65-7\" class=\"ct-text-block text-block-overlay\" >Unser Luxuszimmer mit separaten K\u00fcche, grossem Badezimmer und zwei private Terrassen.<\/div><div id=\"div_block-144-7\" class=\"ct-div-block\" ><a id=\"link_button-137-7\" class=\"ct-link-button\" href=\"https:\/\/fincafabulosa.com\/de\/appartementen\/deluxe-room\/\"   >Buchen<\/a><\/div><\/div><\/div><div id=\"div_block-66-7\" class=\"ct-div-block image-div\" ><div id=\"div_block-83-7\" class=\"ct-div-block overlay\" ><div id=\"text_block-68-7\" class=\"ct-text-block text-overlay\" >Unsere fabelhafte Aussichten<\/div><div id=\"text_block-69-7\" class=\"ct-text-block text-block-overlay\" >Inmitten der unber\u00fchrten Natur liegt die Finca Fabulosa<\/div><div id=\"div_block-143-7\" class=\"ct-div-block\" ><a id=\"link_button-139-7\" class=\"ct-link-button\" href=\"https:\/\/fincafabulosa.com\/de\/het-terrein\/\"   >Entdecken Sie das Grundst\u00fcck<\/a><\/div><\/div><\/div><div id=\"div_block-112-7\" class=\"ct-div-block\" ><div id=\"div_block-147-7\" class=\"ct-div-block\" ><a id=\"link_button-148-7\" class=\"ct-link-button\" href=\"https:\/\/fincafabulosa.com\/de\/appartementen\/\"   >Entdecken Sie die Zimmer<\/a><\/div><\/div><\/div><\/section><section id=\"section-94-33\" class=\"ct-section\" style=\"background-image:url(https:\/\/fincafabulosa.com\/wp-content\/uploads\/2022\/06\/eigenterrein-scaled.jpg);background-size: cover;\" ><div class=\"ct-section-inner-wrap\"><a id=\"link_button-225-106\" class=\"ct-link-button button\" href=\"https:\/\/fincafabulosa.com\/de\/het-terrein\/\"   >Entdecken Sie das Grundst\u00fcck<\/a><\/div><\/section><section id=\"spa\" class=\"ct-section spa\" ><div class=\"ct-section-inner-wrap\"><div id=\"div_block-232-106\" class=\"ct-div-block\" ><h3 id=\"headline-228-106\" class=\"ct-headline finca\">Spa &amp; Sport<\/h3><div id=\"text_block-235-106\" class=\"ct-text-block\" >Auf der Finca Fabulosa gibt es viele Orte mit Aufmerksamkeit f\u00fcr das k\u00f6rperliche wie auch das mentale wohlbefinden des Menschen. Es gibt mehrere Terrassen, auf denen Sie sich zum Beispiel f\u00fcr Meditation oder Yoga z\u00fcruckziehen k\u00f6nnen. Zentral gelegen finden Sie den Whirlpool und eine Sauna. Ein Swimstream wurde im Pool plaziert, so das sie gegen den Strom swimmen k\u00f6nnen. <\/div><a id=\"link_button-233-106\" class=\"ct-link-button\" href=\"https:\/\/fincafabulosa.com\/de\/het-terrein\/\"   >Bekijk meer &gt;<\/a><\/div><img decoding=\"async\"  id=\"image-229-106\" alt=\"Sauna binnenzijde\" src=\"https:\/\/fincafabulosa.com\/wp-content\/uploads\/2022\/06\/sauna-binnen.jpg\" class=\"ct-image spa-img\"\/><img decoding=\"async\"  id=\"image-230-106\" alt=\"hottub op terrein Finca Fabulosa\" src=\"https:\/\/fincafabulosa.com\/wp-content\/uploads\/2022\/09\/hottub.jpg\" class=\"ct-image spa-img\"\/><img decoding=\"async\"  id=\"image-231-106\" alt=\"naakte man en vrouw doen yoga op het lage terras\" src=\"https:\/\/fincafabulosa.com\/wp-content\/uploads\/2022\/09\/yoga-man-vrouw-staand.jpg\" class=\"ct-image spa-img\"\/><div id=\"div_block-236-106\" class=\"ct-div-block\" ><a id=\"link_button-239-106\" class=\"ct-link-button\" href=\"https:\/\/fincafabulosa.com\/de\/het-terrein\/\"   >Bekijk meer &gt;<\/a><\/div><\/div><\/section><section id=\"section-74-7\" class=\"ct-section\" style=\"background-image:url(https:\/\/fincafabulosa.com\/wp-content\/uploads\/2022\/06\/Malaga-strand-scaled.jpg);background-size: cover;\" ><div class=\"ct-section-inner-wrap\"><\/div><\/section><section id=\"section-88-7\" class=\"ct-section\" ><div class=\"ct-section-inner-wrap\"><h1 id=\"headline-89-7\" class=\"ct-headline hero\">Die Umgebung<\/h1><div id=\"div_block-92-7\" class=\"ct-div-block\" ><a id=\"slide1\" class=\"ct-link galery-slide\" href=\"#section-88-7\"   ><img decoding=\"async\"  id=\"image-91-7\" alt=\"charmant wit dorpje in Andalusie\" src=\"https:\/\/fincafabulosa.com\/wp-content\/uploads\/2022\/06\/wit-dorp-blauwe-accenten.jpg\" class=\"ct-image img-galerij\"\/><\/a><a id=\"slide2\" class=\"ct-link galery-slide\" href=\"#section-88-7\"   ><img decoding=\"async\"  id=\"image-95-7\" alt=\"tapas eten en wijntje drinken\" src=\"https:\/\/fincafabulosa.com\/wp-content\/uploads\/2022\/06\/tapas.jpg\" class=\"ct-image img-galerij\"\/><\/a><a id=\"slide3\" class=\"ct-link galery-slide\" href=\"#section-88-7\"   ><img decoding=\"async\"  id=\"image-93-7\" alt=\"Ronda, het witte dorp in Andalusie\" src=\"https:\/\/fincafabulosa.com\/wp-content\/uploads\/2022\/06\/Ronda.jpg\" class=\"ct-image img-galerij\"\/><\/a><a id=\"slide4\" class=\"ct-link galery-slide\" href=\"#section-88-7\"   ><img decoding=\"async\"  id=\"image-94-7\" alt=\"Zicht op Malaga\" src=\"https:\/\/fincafabulosa.com\/wp-content\/uploads\/2022\/06\/Malaga-arena-stad-en-strand.jpg\" class=\"ct-image img-galerij\"\/><\/a><a id=\"slide5\" class=\"ct-link galery-slide\" href=\"#section-88-7\"   ><img decoding=\"async\"  id=\"image-97-7\" alt=\"Zicht op Cordoba brug en moskee\" src=\"https:\/\/fincafabulosa.com\/wp-content\/uploads\/2022\/06\/Cordoba.jpg\" class=\"ct-image img-galerij\"\/><\/a><a id=\"slide6\" class=\"ct-link galery-slide\" href=\"#section-88-7\"   ><img decoding=\"async\"  id=\"image-98-7\" alt=\"Foto van de Caminito del Rey, Malaga\" src=\"https:\/\/fincafabulosa.com\/wp-content\/uploads\/2022\/06\/camanito-del-rey.jpg\" class=\"ct-image img-galerij\"\/><\/a><\/div><div id=\"div_block-131-7\" class=\"ct-div-block\" ><div id=\"text_block-133-7\" class=\"ct-text-block\" >Besuchen Sie Malaga oder eine der St\u00e4dte und D\u00f6rfer in der N\u00e4he, wandern durch den Caminito del Rey, besuchen Sie wundersch\u00f6ne Naturp\u00e4rke, essen Sie in lokalen Restaurants in der N\u00e4he oder entspannen Sie an einem der FKK-Str\u00e4nde an der K\u00fcste. Es gibt viel zu tun, wir geben Ihnen gerne Auskunft.<\/div><a id=\"link_button-168-7\" class=\"ct-link-button\" href=\"https:\/\/fincafabulosa.com\/de\/omgeving\/\"   >Bekijk onze omgeving<\/a><\/div><\/div><\/section>","protected":false},"excerpt":{"rendered":"","protected":false},"author":1,"featured_media":0,"parent":0,"menu_order":0,"comment_status":"closed","ping_status":"closed","template":"","meta":{"_swpsp_post_exclude":false,"footnotes":""},"class_list":["post-7","page","type-page","status-publish","hentry"],"yoast_head":"<!-- This site is optimized with the Yoast SEO plugin v27.3 - https:\/\/yoast.com\/product\/yoast-seo-wordpress\/ -->\n<title>Finca Fabulosa - Finca Fabulosa<\/title>\n<meta name=\"robots\" content=\"index, follow, max-snippet:-1, max-image-preview:large, max-video-preview:-1\" \/>\n<link rel=\"canonical\" href=\"https:\/\/fincafabulosa.com\/de\/\" \/>\n<meta property=\"og:locale\" content=\"de_DE\" \/>\n<meta property=\"og:type\" content=\"article\" \/>\n<meta property=\"og:title\" content=\"Finca Fabulosa - Finca Fabulosa\" \/>\n<meta property=\"og:url\" content=\"https:\/\/fincafabulosa.com\/de\/\" \/>\n<meta property=\"og:site_name\" content=\"Finca Fabulosa\" \/>\n<meta property=\"article:modified_time\" content=\"2025-06-04T09:20:13+00:00\" \/>\n<meta name=\"twitter:card\" content=\"summary_large_image\" \/>\n<script type=\"application\/ld+json\" class=\"yoast-schema-graph\">{\"@context\":\"https:\\\/\\\/schema.org\",\"@graph\":[{\"@type\":\"WebPage\",\"@id\":\"https:\\\/\\\/fincafabulosa.com\\\/\",\"url\":\"https:\\\/\\\/fincafabulosa.com\\\/\",\"name\":\"Finca Fabulosa - Finca Fabulosa\",\"isPartOf\":{\"@id\":\"https:\\\/\\\/fincafabulosa.com\\\/#website\"},\"datePublished\":\"2022-01-26T09:46:43+00:00\",\"dateModified\":\"2025-06-04T09:20:13+00:00\",\"breadcrumb\":{\"@id\":\"https:\\\/\\\/fincafabulosa.com\\\/#breadcrumb\"},\"inLanguage\":\"de\",\"potentialAction\":[{\"@type\":\"ReadAction\",\"target\":[\"https:\\\/\\\/fincafabulosa.com\\\/\"]}]},{\"@type\":\"BreadcrumbList\",\"@id\":\"https:\\\/\\\/fincafabulosa.com\\\/#breadcrumb\",\"itemListElement\":[{\"@type\":\"ListItem\",\"position\":1,\"name\":\"Home\",\"item\":\"https:\\\/\\\/fincafabulosa.com\\\/\"},{\"@type\":\"ListItem\",\"position\":2,\"name\":\"Finca Fabulosa\"}]},{\"@type\":\"WebSite\",\"@id\":\"https:\\\/\\\/fincafabulosa.com\\\/#website\",\"url\":\"https:\\\/\\\/fincafabulosa.com\\\/\",\"name\":\"Finca Fabulosa\",\"description\":\"Nudist Resort in Malaga\",\"publisher\":{\"@id\":\"https:\\\/\\\/fincafabulosa.com\\\/#organization\"},\"potentialAction\":[{\"@type\":\"SearchAction\",\"target\":{\"@type\":\"EntryPoint\",\"urlTemplate\":\"https:\\\/\\\/fincafabulosa.com\\\/?s={search_term_string}\"},\"query-input\":{\"@type\":\"PropertyValueSpecification\",\"valueRequired\":true,\"valueName\":\"search_term_string\"}}],\"inLanguage\":\"de\"},{\"@type\":\"Organization\",\"@id\":\"https:\\\/\\\/fincafabulosa.com\\\/#organization\",\"name\":\"Finca Fabulosa\",\"url\":\"https:\\\/\\\/fincafabulosa.com\\\/\",\"logo\":{\"@type\":\"ImageObject\",\"inLanguage\":\"de\",\"@id\":\"https:\\\/\\\/fincafabulosa.com\\\/#\\\/schema\\\/logo\\\/image\\\/\",\"url\":\"https:\\\/\\\/fincafabulosa.com\\\/wp-content\\\/uploads\\\/2022\\\/02\\\/logo-tijdelijk.png\",\"contentUrl\":\"https:\\\/\\\/fincafabulosa.com\\\/wp-content\\\/uploads\\\/2022\\\/02\\\/logo-tijdelijk.png\",\"width\":494,\"height\":414,\"caption\":\"Finca Fabulosa\"},\"image\":{\"@id\":\"https:\\\/\\\/fincafabulosa.com\\\/#\\\/schema\\\/logo\\\/image\\\/\"}}]}<\/script>\n<!-- \/ Yoast SEO plugin. -->","yoast_head_json":{"title":"Finca Fabulosa - Finca Fabulosa","robots":{"index":"index","follow":"follow","max-snippet":"max-snippet:-1","max-image-preview":"max-image-preview:large","max-video-preview":"max-video-preview:-1"},"canonical":"https:\/\/fincafabulosa.com\/de\/","og_locale":"de_DE","og_type":"article","og_title":"Finca Fabulosa - Finca Fabulosa","og_url":"https:\/\/fincafabulosa.com\/de\/","og_site_name":"Finca Fabulosa","article_modified_time":"2025-06-04T09:20:13+00:00","twitter_card":"summary_large_image","schema":{"@context":"https:\/\/schema.org","@graph":[{"@type":"WebPage","@id":"https:\/\/fincafabulosa.com\/","url":"https:\/\/fincafabulosa.com\/","name":"Finca Fabulosa - Finca Fabulosa","isPartOf":{"@id":"https:\/\/fincafabulosa.com\/#website"},"datePublished":"2022-01-26T09:46:43+00:00","dateModified":"2025-06-04T09:20:13+00:00","breadcrumb":{"@id":"https:\/\/fincafabulosa.com\/#breadcrumb"},"inLanguage":"de","potentialAction":[{"@type":"ReadAction","target":["https:\/\/fincafabulosa.com\/"]}]},{"@type":"BreadcrumbList","@id":"https:\/\/fincafabulosa.com\/#breadcrumb","itemListElement":[{"@type":"ListItem","position":1,"name":"Home","item":"https:\/\/fincafabulosa.com\/"},{"@type":"ListItem","position":2,"name":"Finca Fabulosa"}]},{"@type":"WebSite","@id":"https:\/\/fincafabulosa.com\/#website","url":"https:\/\/fincafabulosa.com\/","name":"Finca Fabulosa","description":"Nudist Resort in Malaga","publisher":{"@id":"https:\/\/fincafabulosa.com\/#organization"},"potentialAction":[{"@type":"SearchAction","target":{"@type":"EntryPoint","urlTemplate":"https:\/\/fincafabulosa.com\/?s={search_term_string}"},"query-input":{"@type":"PropertyValueSpecification","valueRequired":true,"valueName":"search_term_string"}}],"inLanguage":"de"},{"@type":"Organization","@id":"https:\/\/fincafabulosa.com\/#organization","name":"Finca Fabulosa","url":"https:\/\/fincafabulosa.com\/","logo":{"@type":"ImageObject","inLanguage":"de","@id":"https:\/\/fincafabulosa.com\/#\/schema\/logo\/image\/","url":"https:\/\/fincafabulosa.com\/wp-content\/uploads\/2022\/02\/logo-tijdelijk.png","contentUrl":"https:\/\/fincafabulosa.com\/wp-content\/uploads\/2022\/02\/logo-tijdelijk.png","width":494,"height":414,"caption":"Finca Fabulosa"},"image":{"@id":"https:\/\/fincafabulosa.com\/#\/schema\/logo\/image\/"}}]}},"_links":{"self":[{"href":"https:\/\/fincafabulosa.com\/de\/wp-json\/wp\/v2\/pages\/7","targetHints":{"allow":["GET"]}}],"collection":[{"href":"https:\/\/fincafabulosa.com\/de\/wp-json\/wp\/v2\/pages"}],"about":[{"href":"https:\/\/fincafabulosa.com\/de\/wp-json\/wp\/v2\/types\/page"}],"author":[{"embeddable":true,"href":"https:\/\/fincafabulosa.com\/de\/wp-json\/wp\/v2\/users\/1"}],"replies":[{"embeddable":true,"href":"https:\/\/fincafabulosa.com\/de\/wp-json\/wp\/v2\/comments?post=7"}],"version-history":[{"count":3,"href":"https:\/\/fincafabulosa.com\/de\/wp-json\/wp\/v2\/pages\/7\/revisions"}],"predecessor-version":[{"id":515,"href":"https:\/\/fincafabulosa.com\/de\/wp-json\/wp\/v2\/pages\/7\/revisions\/515"}],"wp:attachment":[{"href":"https:\/\/fincafabulosa.com\/de\/wp-json\/wp\/v2\/media?parent=7"}],"curies":[{"name":"wp","href":"https:\/\/api.w.org\/{rel}","templated":true}]}}